{"id":81,"date":"2017-08-21T19:33:20","date_gmt":"2017-08-21T17:33:20","guid":{"rendered":"http:\/\/pedroparra.eu\/?page_id=81"},"modified":"2025-05-13T18:26:25","modified_gmt":"2025-05-13T16:26:25","slug":"presentacion","status":"publish","type":"page","link":"https:\/\/pedroparra.es\/","title":{"rendered":"Presentaci\u00f3n"},"content":{"rendered":"\n<p class=\"has-text-align-center\"><span style=\"font-family: helvetica, arial, sans-serif;\"><strong><span style=\"color: #ff6600;\">Pedro Parra &lt;export-import hortofruticola&gt;<\/span><\/strong><span style=\"color: #000000;\">\u00a0 <\/span><\/span><\/p>\n<p class=\"has-text-align-center\"><span style=\"font-family: helvetica, arial, sans-serif;\"><span style=\"color: #000000;\">\u00a0es una empresa familiar que trabaja desde hace m\u00e1s de 50 a\u00f1os con la mejor fruta, verdura, c\u00edtricos y hortalizas frescas de Espa\u00f1a, Italia y Portugal para sus clientes de toda Europa.<\/span><\/span><br \/><span style=\"color: #000000; font-family: helvetica, arial, sans-serif;\"> Somos una agencia de exportaci\u00f3n experimentada, conocedora de las exigencias del mercado actual y siempre al d\u00eda, adapt\u00e1ndonos a la continua evoluci\u00f3n de variedades y confecciones del mercado. Nuestro objetivo es la satisfacci\u00f3n de nuestros clientes y para ello trabajamos 365 d\u00edas al a\u00f1o para conseguirlo.<\/span><\/p>\n\n\n\n<p class=\"has-text-align-center\"><span style=\"color: #000000; font-family: helvetica, arial, sans-serif;\">\u00a0 \u00a0 Si desea mas informaci\u00f3n puede seguirnos en las redes sociales y conocer de primera mano los productos que estamos trabajando durante la campa\u00f1a.\u00a0<\/span><\/p>\n\n\n\n<p class=\"has-text-align-center\"><span style=\"font-family: helvetica, arial, sans-serif;\"><span style=\"color: #ff6600;\"><b>T<\/b><\/span>: <span style=\"color: #000000;\"><b>+34 <span style=\"color: #000000;\">606469586<\/span><\/b><\/span><\/span><\/p>\n\n\n\n<p class=\"has-text-align-center\"><span style=\"font-family: helvetica, arial, sans-serif;\"><span style=\"color: #ff6600;\"><b>E<\/b><\/span>:<span style=\"color: #000000;\"><b> info@pedroparra.es<\/b><\/span><\/span><\/p>\n\n\n\n<p class=\"has-text-align-center\"><\/p>\n","protected":false},"excerpt":{"rendered":"<p>Pedro Parra &lt;export-import hortofruticola&gt;\u00a0 \u00a0es una empresa familiar que trabaja desde hace m\u00e1s de 50 a\u00f1os con la mejor fruta, verdura, c\u00edtricos y hortalizas frescas de Espa\u00f1a, Italia y Portugal para sus clientes de toda Europa. Somos una agencia de exportaci\u00f3n experimentada, conocedora de las exigencias del mercado actual y siempre al d\u00eda, adapt\u00e1ndonos a &hellip; <\/p>\n<p class=\"link-more\"><a href=\"https:\/\/pedroparra.es\/\" class=\"more-link\">Continuar leyendo<span class=\"screen-reader-text\"> \u00abPresentaci\u00f3n\u00bb<\/span><\/a><\/p>\n","protected":false},"author":1,"featured_media":0,"parent":0,"menu_order":0,"comment_status":"closed","ping_status":"closed","template":"","meta":{"footnotes":""},"class_list":["post-81","page","type-page","status-publish","hentry"],"_links":{"self":[{"href":"https:\/\/pedroparra.es\/index.php?rest_route=\/wp\/v2\/pages\/81","targetHints":{"allow":["GET"]}}],"collection":[{"href":"https:\/\/pedroparra.es\/index.php?rest_route=\/wp\/v2\/pages"}],"about":[{"href":"https:\/\/pedroparra.es\/index.php?rest_route=\/wp\/v2\/types\/page"}],"author":[{"embeddable":true,"href":"https:\/\/pedroparra.es\/index.php?rest_route=\/wp\/v2\/users\/1"}],"replies":[{"embeddable":true,"href":"https:\/\/pedroparra.es\/index.php?rest_route=%2Fwp%2Fv2%2Fcomments&post=81"}],"version-history":[{"count":24,"href":"https:\/\/pedroparra.es\/index.php?rest_route=\/wp\/v2\/pages\/81\/revisions"}],"predecessor-version":[{"id":175,"href":"https:\/\/pedroparra.es\/index.php?rest_route=\/wp\/v2\/pages\/81\/revisions\/175"}],"wp:attachment":[{"href":"https:\/\/pedroparra.es\/index.php?rest_route=%2Fwp%2Fv2%2Fmedia&parent=81"}],"curies":[{"name":"wp","href":"https:\/\/api.w.org\/{rel}","templated":true}]}}